 {"id":124,"date":"2023-11-12T17:34:40","date_gmt":"2023-11-12T17:34:40","guid":{"rendered":"https:\/\/blog.cecani.org\/?page_id=124"},"modified":"2023-11-12T18:22:20","modified_gmt":"2023-11-12T18:22:20","slug":"convocatorias-internacionales-para-el-financiamiento-de-proyectos-sociales","status":"publish","type":"page","link":"https:\/\/blog.cecani.org\/index.php\/convocatorias\/convocatorias-internacionales-para-el-financiamiento-de-proyectos-sociales\/","title":{"rendered":"Convocatorias internacionales para el financiamiento de proyectos sociales"},"content":{"rendered":"\n<p><strong>Fondo de Desarrollo de las Naciones Unidas para la Mujer (UNIFEM)<\/strong>: Se enfoca en proyectos que promueven la igualdad de g\u00e9nero y el empoderamiento de las mujeres.&nbsp;Sitio web <a href=\"https:\/\/www.unwomen.org\/en\" target=\"_blank\" rel=\"noopener\">https:\/\/www.unwomen.org\/en<\/a><\/p>\n\n\n\n<p><strong>Fondo Mundial para la Naturaleza (WWF)<\/strong>: Ofrece financiamiento para proyectos relacionados con la conservaci\u00f3n del medio ambiente y especies en peligro.&nbsp;Sitio web <a href=\"https:\/\/www.worldwildlife.org\/\" target=\"_blank\" rel=\"noopener\">https:\/\/www.worldwildlife.org\/<\/a><\/p>\n\n\n\n<p><strong>Fondo de las Naciones Unidas para la Infancia (UNICEF)<\/strong>: Apoya proyectos centrados en la mejora de la vida de los ni\u00f1os y adolescentes.&nbsp;Sitio web <a href=\"https:\/\/www.unicef.org\/\" target=\"_blank\" rel=\"noopener\">https:\/\/www.unicef.org\/<\/a><\/p>\n\n\n\n<p><strong>Fondo Global para la Comunidad (Global Fund for Community Foundations)<\/strong>: Busca fortalecer y apoyar a las fundaciones comunitarias y organizaciones filantr\u00f3picas locales.&nbsp;Sitio web <a href=\"https:\/\/globalfundcommunityfoundations.org\/\" target=\"_blank\" rel=\"noopener\">https:\/\/globalfundcommunityfoundations.org\/<\/a><\/p>\n\n\n\n<p><strong>Fondo Internacional de Desarrollo Agr\u00edcola (FIDA)<\/strong>: Financia proyectos que promueven el desarrollo agr\u00edcola y rural.&nbsp;Sitio web <a href=\"https:\/\/www.ifad.org\/en\/\" target=\"_blank\" rel=\"noopener\">https:\/\/www.ifad.org\/en\/<\/a><\/p>\n\n\n\n<p><strong>Banco Mundial &#8211; Fondos para la Sociedad Civil<\/strong>: Ofrece subvenciones para proyectos que buscan soluciones innovadoras a problemas de desarrollo global.&nbsp;Sitio web <a href=\"https:\/\/www.worldbank.org\/en\/home\" target=\"_blank\" rel=\"noopener\">https:\/\/www.worldbank.org\/en\/home<\/a><\/p>\n\n\n\n<p><strong>Programa de las Naciones Unidas para el Desarrollo (PNUD)<\/strong>: Proporciona financiamiento para proyectos que promueven el desarrollo sostenible.&nbsp;Sitio web <a href=\"https:\/\/www.undp.org\/\" target=\"_blank\" rel=\"noopener\">https:\/\/www.undp.org\/<\/a><\/p>\n\n\n\n<p><strong>Fondo para la Democracia de las Naciones Unidas (UNDEF)<\/strong>: Apoya proyectos que fortalecen la voz de la sociedad civil, promueven los derechos humanos y fomentan la participaci\u00f3n de todos los grupos en los procesos democr\u00e1ticos.&nbsp;Sitio web <a href=\"https:\/\/www.un.org\/democracyfund\/\" target=\"_blank\" rel=\"noopener\">https:\/\/www.un.org\/democracyfund\/<\/a><\/p>\n\n\n\n<p><strong>Fondo Europeo para la Democracia (EED):<\/strong> Financia iniciativas que fomentan una sociedad civil vibrante y pluralista en Europa del Este y m\u00e1s all\u00e1.&nbsp;Sitio web <a href=\"https:\/\/www.democracyendowment.eu\/\" target=\"_blank\" rel=\"noopener\">https:\/\/www.democracyendowment.eu\/<\/a><\/p>\n\n\n\n<p><strong>Fondo de Innovaci\u00f3n Social de la Uni\u00f3n Europea (EUSIC)<\/strong>: Apoya proyectos innovadores que abordan desaf\u00edos sociales en Europa.&nbsp;Sitio web <a href=\"https:\/\/challengeworks.org\/broader-programmes\/european-social-innovation-competitions\/\" target=\"_blank\" rel=\"noopener\">https:\/\/challengeworks.org\/broader-programmes\/european-social-innovation-competitions\/<\/a><\/p>\n\n\n\n<p><strong>Fondo de Innovaci\u00f3n de la Agencia de los Estados Unidos para el Desarrollo Internacional (USAID)<\/strong>: Apoya proyectos innovadores en \u00e1reas de desarrollo internacional.&nbsp;Sitio web <a href=\"https:\/\/www.usaid.gov\/\" target=\"_blank\" rel=\"noopener\">https:\/\/www.usaid.gov\/<\/a><\/p>\n\n\n\n<p><strong>Fondo para la Igualdad de G\u00e9nero de la ONU<\/strong>: Financia iniciativas que buscan promover la igualdad de g\u00e9nero y el empoderamiento de las mujeres.&nbsp;Sitio web <a href=\"https:\/\/www.un.org\/en\/gender-equality\/\" target=\"_blank\" rel=\"noopener\">https:\/\/www.un.org\/en\/gender-equality\/<\/a><\/p>\n\n\n\n<p><strong>Fondo de Apoyo a la Sociedad Civil de la OSCE<\/strong>: Ofrece subvenciones para proyectos que fortalecen la sociedad civil en los estados miembros de la OSCE.&nbsp;Sitio web <a href=\"https:\/\/www.osce.org\/\" target=\"_blank\" rel=\"noopener\">https:\/\/www.osce.org\/<\/a><\/p>\n\n\n\n<p><strong>Fondo de Innovaci\u00f3n Social de Ashoka<\/strong>: Busca apoyar a emprendedores sociales con ideas innovadoras.&nbsp;Sitio web <a href=\"https:\/\/www.ashoka.org\/es-mx\" target=\"_blank\" rel=\"noopener\">https:\/\/www.ashoka.org\/es-mx<\/a><\/p>\n\n\n\n<p><strong>Fondo de Subvenciones de la Fundaci\u00f3n Ford<\/strong>: Financia proyectos que reducen la pobreza y la injusticia, promueven la educaci\u00f3n democr\u00e1tica y la innovaci\u00f3n social.&nbsp;Sitio web <a href=\"https:\/\/www.fordfoundation.org\/\" target=\"_blank\" rel=\"noopener\">https:\/\/www.fordfoundation.org\/<\/a><\/p>\n\n\n\n<p><strong>Fondo de Desarrollo de Capacidades de la Sociedad Civil de la UE<\/strong>: Apoya a organizaciones de la sociedad civil para fortalecer sus capacidades y efectividad.&nbsp;Sitio web <a href=\"https:\/\/european-union.europa.eu\/select-language?destination=\/node\/1\" target=\"_blank\" rel=\"noopener\">https:\/\/european-union.europa.eu\/select-language?destination=\/node\/1<\/a><\/p>\n\n\n\n<p><strong>Fondo de Innovaci\u00f3n para la Democracia y la Gobernanza de la NED<\/strong>: Ofrece apoyo a proyectos que fomentan la democracia y la buena gobernanza en todo el mundo.&nbsp;Sitio web <a href=\"https:\/\/www.ned.org\/\" target=\"_blank\" rel=\"noopener\">https:\/\/www.ned.org\/<\/a><\/p>\n\n\n\n<p><strong>Fondo de Subvenciones para la Paz y la Seguridad de la Mujer de la ONU<\/strong>: Financia proyectos que promueven la participaci\u00f3n de las mujeres en procesos de paz y seguridad.&nbsp;Sitio web <a href=\"https:\/\/www.unwomen.org\/en\" target=\"_blank\" rel=\"noopener\">https:\/\/www.unwomen.org\/en<\/a><\/p>\n\n\n\n<p><strong>Fondo de Subvenciones para la Innovaci\u00f3n de la UNESCO<\/strong>: Apoya proyectos en los campos de la educaci\u00f3n, la ciencia, la cultura y la comunicaci\u00f3n.&nbsp;Sitio web <a href=\"https:\/\/www.unesco.org\/en\" target=\"_blank\" rel=\"noopener\">https:\/\/www.unesco.org\/en<\/a><\/p>\n\n\n\n<p><strong>Fondo de Emergencia para la Sociedad Civil de CIVICUS<\/strong>: Proporciona apoyo r\u00e1pido a organizaciones de la sociedad civil que enfrentan amenazas repentinas.&nbsp;Sitio web <a href=\"https:\/\/www.civicus.org\/index.php\/es\/\" target=\"_blank\" rel=\"noopener\">https:\/\/www.civicus.org\/index.php\/es\/#<\/a><\/p>\n\n\n\n<p><strong>Fondo de Innovaci\u00f3n de la Alianza para la Salud Materna, Neonatal e Infantil (PMNCH)<\/strong>: Apoya proyectos enfocados en la salud de mujeres, ni\u00f1os y adolescentes.&nbsp;Sitio web <a href=\"https:\/\/pmnch.who.int\/\" target=\"_blank\" rel=\"noopener\">https:\/\/pmnch.who.int\/<\/a><\/p>\n\n\n\n<p><strong>Fondo de Desarrollo de Google.org<\/strong>: Financia proyectos innovadores en tecnolog\u00eda y educaci\u00f3n.&nbsp;Sitio web <a href=\"https:\/\/www.google.org\/\" target=\"_blank\" rel=\"noopener\">https:\/\/www.google.org\/<\/a><\/p>\n\n\n\n<p><strong>Fondo de Subvenciones para la Conservaci\u00f3n de la National Geographic Society<\/strong>: Ofrece financiamiento para proyectos de conservaci\u00f3n, exploraci\u00f3n y educaci\u00f3n.&nbsp;Sitio web <a href=\"https:\/\/www.nationalgeographic.org\/society\/\" target=\"_blank\" rel=\"noopener\">https:\/\/www.nationalgeographic.org\/society\/<\/a><\/p>\n\n\n\n<p><strong>Fondo de Apoyo a Proyectos de la Fundaci\u00f3n Rockefeller<\/strong>: Financia iniciativas en \u00e1reas como el desarrollo sostenible, la salud global y la innovaci\u00f3n.&nbsp;Sitio web <a href=\"https:\/\/www.rockefellerfoundation.org\/\" target=\"_blank\" rel=\"noopener\">https:\/\/www.rockefellerfoundation.org\/<\/a><\/p>\n\n\n\n<p><strong>Fondo de Subvenciones para la Innovaci\u00f3n de la Fundaci\u00f3n Bill y Melinda Gates<\/strong>: Apoya proyectos innovadores en salud y desarrollo.&nbsp;Sitio web <a href=\"https:\/\/www.gatesfoundation.org\/\" target=\"_blank\" rel=\"noopener\">https:\/\/www.gatesfoundation.org\/<\/a><\/p>\n\n\n\n<p><strong>Fondo de Subvenciones de la Fundaci\u00f3n MacArthur<\/strong>: Financia proyectos en \u00e1reas como el cambio clim\u00e1tico, la justicia criminal y la educaci\u00f3n.&nbsp;Sitio web <a href=\"https:\/\/www.macfound.org\/\">h<\/a><a href=\"https:\/\/www.macfound.org\/\" target=\"_blank\" rel=\"noopener\">ttps:\/\/www.macfound.org\/<\/a><\/p>\n\n\n\n<p><strong>Fondo para la Innovaci\u00f3n en Derechos Humanos de la Open Society Foundations<\/strong>: Apoya proyectos que promueven los derechos humanos y la justicia social.&nbsp;Sitio web <a href=\"https:\/\/www.opensocietyfoundations.org\/\" target=\"_blank\" rel=\"noopener\">https:\/\/www.opensocietyfoundations.org\/<\/a><\/p>\n\n\n\n<p><strong>Fondo de Subvenciones para Proyectos de la Fundaci\u00f3n Skoll<\/strong>: Se enfoca en emprendimientos sociales que abordan problemas globales cr\u00edticos.&nbsp;Sitio web <a href=\"https:\/\/skoll.org\/\" target=\"_blank\" rel=\"noopener\">https:\/\/skoll.org\/<\/a><\/p>\n\n\n\n<p><strong>Fondo de Subvenciones para la Educaci\u00f3n de la Fundaci\u00f3n Hewlett<\/strong>: Apoya proyectos educativos innovadores.&nbsp;Sitio web <a href=\"https:\/\/hewlett.org\/\" target=\"_blank\" rel=\"noopener\">https:\/\/hewlett.org\/<\/a><\/p>\n\n\n\n<p><strong>Fondo de Innovaci\u00f3n para la Reducci\u00f3n de la Pobreza de la ONU<\/strong>: Dirigido a proyectos que buscan soluciones innovadoras para reducir la pobreza.&nbsp;Sitio web <a href=\"https:\/\/www.un.org\/en\/desa\" target=\"_blank\" rel=\"noopener\">https:\/\/www.un.org\/en\/desa<\/a><\/p>\n","protected":false},"excerpt":{"rendered":"<p>Fondo de Desarrollo de las Naciones Unidas para la Mujer (UNIFEM): Se enfoca en proyectos que promueven la igualdad de g\u00e9nero y el empoderamiento de las mujeres.&nbsp;Sitio web https:\/\/www.unwomen.org\/en Fondo Mundial para la Naturaleza (WWF): Ofrece financiamiento para proyectos relacionados con la conservaci\u00f3n del medio ambiente y especies en peligro.&nbsp;Sitio web https:\/\/www.worldwildlife.org\/ Fondo de las [&hellip;]<\/p>\n","protected":false},"author":1,"featured_media":125,"parent":49,"menu_order":0,"comment_status":"closed","ping_status":"closed","template":"","meta":[],"_links":{"self":[{"href":"https:\/\/blog.cecani.org\/index.php\/wp-json\/wp\/v2\/pages\/124"}],"collection":[{"href":"https:\/\/blog.cecani.org\/index.php\/wp-json\/wp\/v2\/pages"}],"about":[{"href":"https:\/\/blog.cecani.org\/index.php\/wp-json\/wp\/v2\/types\/page"}],"author":[{"embeddable":true,"href":"https:\/\/blog.cecani.org\/index.php\/wp-json\/wp\/v2\/users\/1"}],"replies":[{"embeddable":true,"href":"https:\/\/blog.cecani.org\/index.php\/wp-json\/wp\/v2\/comments?post=124"}],"version-history":[{"count":2,"href":"https:\/\/blog.cecani.org\/index.php\/wp-json\/wp\/v2\/pages\/124\/revisions"}],"predecessor-version":[{"id":130,"href":"https:\/\/blog.cecani.org\/index.php\/wp-json\/wp\/v2\/pages\/124\/revisions\/130"}],"up":[{"embeddable":true,"href":"https:\/\/blog.cecani.org\/index.php\/wp-json\/wp\/v2\/pages\/49"}],"wp:featuredmedia":[{"embeddable":true,"href":"https:\/\/blog.cecani.org\/index.php\/wp-json\/wp\/v2\/media\/125"}],"wp:attachment":[{"href":"https:\/\/blog.cecani.org\/index.php\/wp-json\/wp\/v2\/media?parent=124"}],"curies":[{"name":"wp","href":"https:\/\/api.w.org\/{rel}","templated":true}]}}