 {"id":127,"date":"2023-11-12T18:20:46","date_gmt":"2023-11-12T18:20:46","guid":{"rendered":"https:\/\/blog.cecani.org\/?page_id=127"},"modified":"2023-11-12T18:22:48","modified_gmt":"2023-11-12T18:22:48","slug":"lista-de-convocatorias-nacionales-para-el-financiamiento-de-proyectos-sociales","status":"publish","type":"page","link":"https:\/\/blog.cecani.org\/index.php\/convocatorias\/lista-de-convocatorias-nacionales-para-el-financiamiento-de-proyectos-sociales\/","title":{"rendered":"Lista de convocatorias nacionales para el financiamiento de proyectos sociales"},"content":{"rendered":"\n<p><strong>Consejo Nacional de Ciencia y Tecnolog\u00eda (CONACYT):<\/strong> Financia proyectos de investigaci\u00f3n y desarrollo en diversas \u00e1reas.Sitio web <a href=\"https:\/\/conahcyt.mx\/\" target=\"_blank\" rel=\"noopener\">https:\/\/conahcyt.mx\/<\/a><\/p>\n\n\n\n<p><strong>Secretar\u00eda de Cultura:<\/strong> Ofrece convocatorias para proyectos culturales y art\u00edsticos.Sitio web <a href=\"https:\/\/www.gob.mx\/cultura\" target=\"_blank\" rel=\"noopener\">https:\/\/www.gob.mx\/cultura<\/a><\/p>\n\n\n\n<p><strong>Fondo Nacional para el Fomento de las Artesan\u00edas (FONART):<\/strong> Apoya proyectos que promueven el desarrollo artesanal.Sitio web <a href=\"https:\/\/www.gob.mx\/fonart\/\" target=\"_blank\" rel=\"noopener\">https:\/\/www.gob.mx\/fonart\/<\/a><\/p>\n\n\n\n<p><strong>Programa de Coinversi\u00f3n Social del Instituto Nacional de Desarrollo Social (INDESOL):<\/strong> Financia proyectos sociales de organizaciones de la sociedad civil.Sitio web <a href=\"https:\/\/www.gob.mx\/indesol\" target=\"_blank\" rel=\"noopener\">https:\/\/www.gob.mx\/indesol<\/a><\/p>\n\n\n\n<p><strong>Fondo para el Desarrollo Social de la Ciudad de M\u00e9xico (FONDESO):<\/strong> Ofrece financiamiento para proyectos de desarrollo social y econ\u00f3mico en la CDMX.Sitio web <a href=\"https:\/\/www.fondeso.cdmx.gob.mx\/\" target=\"_blank\" rel=\"noopener\">https:\/\/www.fondeso.cdmx.gob.mx\/<\/a><\/p>\n\n\n\n<p><strong>FONCA (Fondo Nacional para la Cultura y las Artes):<\/strong> Apoya proyectos art\u00edsticos y culturales.&nbsp;Sitio web <a href=\"https:\/\/fonca.cultura.gob.mx\/\" target=\"_blank\" rel=\"noopener\">https:\/\/fonca.cultura.gob.mx\/<\/a><\/p>\n\n\n\n<p><strong>FONART (Fondo Nacional para el Fomento de las Artesan\u00edas):<\/strong> Promueve el desarrollo artesanal.&nbsp;Sitio web <a href=\"https:\/\/www.gob.mx\/fonart\/\">h<\/a><a href=\"https:\/\/www.gob.mx\/fonart\/\" target=\"_blank\" rel=\"noopener\">ttps:\/\/www.gob.mx\/fonart\/<\/a><\/p>\n\n\n\n<p><strong>SEDATU (Secretar\u00eda de Desarrollo Agrario, Territorial y Urbano):<\/strong> Ofrece financiamiento para proyectos de desarrollo urbano y rural.&nbsp;Sitio web <a href=\"https:\/\/www.gob.mx\/sedatu\" target=\"_blank\" rel=\"noopener\">https:\/\/www.gob.mx\/sedatu<\/a><\/p>\n\n\n\n<p><strong>SADER (Secretar\u00eda de Agricultura y Desarrollo Rural): <\/strong>Apoya proyectos en el sector agr\u00edcola.&nbsp;Sitio web <a href=\"https:\/\/www.gob.mx\/agricultura\" target=\"_blank\" rel=\"noopener\">https:\/\/www.gob.mx\/agricultura<\/a><\/p>\n\n\n\n<p><strong>Secretar\u00eda de Econom\u00eda:<\/strong> Incluye convocatorias para proyectos de desarrollo econ\u00f3mico y empresarial.&nbsp;Sitio web <a href=\"https:\/\/www.gob.mx\/se\" target=\"_blank\" rel=\"noopener\">https:\/\/www.gob.mx\/se<\/a><\/p>\n\n\n\n<p><strong>FONDESO (Fondo para el Desarrollo Social de la Ciudad de M\u00e9xico):<\/strong> Financia proyectos de desarrollo social y econ\u00f3mico en la CDMX.&nbsp;Sitio web <a href=\"https:\/\/www.fondeso.cdmx.gob.mx\/\" target=\"_blank\" rel=\"noopener\">https:\/\/www.fondeso.cdmx.gob.mx\/<\/a><\/p>\n\n\n\n<p><strong>Fondo Mexicano para la Conservaci\u00f3n de la Naturaleza:<\/strong> Apoya proyectos de conservaci\u00f3n ambiental.&nbsp;Sitio web <a href=\"https:\/\/fmcn.org\/es\" target=\"_blank\" rel=\"noopener\">https:\/\/fmcn.org\/es<\/a><\/p>\n\n\n\n<p><strong>Programa de Coinversi\u00f3n Social del INDESOL:<\/strong> Financia proyectos sociales de organizaciones de la sociedad civil.&nbsp;Sitio web <a href=\"https:\/\/www.gob.mx\/indesol\" target=\"_blank\" rel=\"noopener\">https:\/\/www.gob.mx\/indesol<\/a><\/p>\n\n\n\n<p><strong>Fundaci\u00f3n Bancomer:<\/strong> Ofrece programas de financiamiento en educaci\u00f3n y desarrollo comunitario.&nbsp;Sitio web <a href=\"https:\/\/www.fundacionbbva.mx\/\" target=\"_blank\" rel=\"noopener\">https:\/\/www.fundacionbbva.mx\/<\/a><\/p>\n\n\n\n<p><strong>Fundaci\u00f3n Carlos Slim:<\/strong> Financia proyectos en \u00e1reas como salud, educaci\u00f3n y desarrollo econ\u00f3mico.&nbsp;Sitio web <a href=\"https:\/\/fundacioncarlosslim.org\/\" target=\"_blank\" rel=\"noopener\">https:\/\/fundacioncarlosslim.org\/<\/a><\/p>\n\n\n\n<p><strong>Fundaci\u00f3n Televisa:<\/strong> Apoya proyectos educativos y culturales.Sitio web <a href=\"https:\/\/fundaciontelevisa.org\/\" target=\"_blank\" rel=\"noopener\">https:\/\/fundaciontelevisa.org\/<\/a><\/p>\n\n\n\n<p><strong>Fundaci\u00f3n Televisa:<\/strong> Apoya proyectos educativos y culturales.Sitio web <a href=\"https:\/\/fundaciontelevisa.org\/\" target=\"_blank\" rel=\"noopener\">https:\/\/fundaciontelevisa.org\/<\/a><\/p>\n\n\n\n<p><strong>Fondo para la Acci\u00f3n Ambiental y la Ni\u00f1ez:<\/strong> Financia proyectos de educaci\u00f3n y acci\u00f3n ambiental enfocados en ni\u00f1os y j\u00f3venes.Sitio web <a href=\"https:\/\/fondoaccion.org\/\" target=\"_blank\" rel=\"noopener\">https:\/\/fondoaccion.org\/<\/a><\/p>\n\n\n\n<p><strong>Fundaci\u00f3n Merced:<\/strong> Apoya a organizaciones de la sociedad civil en diversos proyectos sociales.&nbsp;Sitio web <a href=\"https:\/\/fundacionmerced.org.mx\/\">ht<\/a><a href=\"https:\/\/fundacionmerced.org.mx\/\" target=\"_blank\" rel=\"noopener\">tps:\/\/fundacionmerced.org.mx\/<\/a><\/p>\n\n\n\n<p><strong>Fondo de Apoyo a la Observaci\u00f3n Electoral (FAOE):<\/strong> Financia proyectos que promueven la participaci\u00f3n ciudadana en procesos electorales.&nbsp;Sitio web <a href=\"https:\/\/www.ine.mx\/\" target=\"_blank\" rel=\"noopener\">https:\/\/www.ine.mx\/<\/a><\/p>\n\n\n\n<p><strong>Programas de la Secretar\u00eda de Turismo (SECTUR):<\/strong> Apoyan proyectos de desarrollo tur\u00edstico.&nbsp;Sitio web <a href=\"https:\/\/www.gob.mx\/sectur\" target=\"_blank\" rel=\"noopener\">https:\/\/www.gob.mx\/sectur<\/a><\/p>\n\n\n\n<p><strong>Programa de Fomento a Proyectos y Coinversiones Culturales del FONCA: <\/strong>Financia proyectos culturales.&nbsp;Sitio web <a href=\"https:\/\/fonca.cultura.gob.mx\/\" target=\"_blank\" rel=\"noopener\">https:\/\/fonca.cultura.gob.mx\/<\/a><\/p>\n\n\n\n<p><strong>Fondo de Innovaci\u00f3n para la Reducci\u00f3n de la Pobreza de la ONU:<\/strong> Dirigido a proyectos que buscan soluciones innovadoras para reducir la pobreza.&nbsp;Sitio web <a href=\"https:\/\/www.un.org\/en\/desa\" target=\"_blank\" rel=\"noopener\">https:\/\/www.un.org\/en\/desa<\/a><\/p>\n\n\n\n<p><strong>Fondo de Subvenciones para la Paz y la Seguridad de la Mujer de la ONU: <\/strong>Financia proyectos que promueven la participaci\u00f3n de las mujeres en procesos de paz y seguridad.&nbsp;Sitio web <a href=\"https:\/\/www.unwomen.org\/es\">h<\/a><a href=\"https:\/\/www.unwomen.org\/es\" target=\"_blank\" rel=\"noopener\">ttps:\/\/www.unwomen.org\/es<\/a><\/p>\n\n\n\n<p><strong>Fondo de Subvenciones para la Innovaci\u00f3n de la UNESCO:<\/strong> Apoya proyectos en los campos de la educaci\u00f3n, la ciencia, la cultura y la comunicaci\u00f3n.&nbsp;Sitio web <a href=\"https:\/\/www.unesco.org\/es\" target=\"_blank\" rel=\"noopener\">https:\/\/www.unesco.org\/es<\/a><\/p>\n\n\n\n<p><strong>Fondo de Subvenciones de la Fundaci\u00f3n MacArthur:<\/strong> Financia proyectos en \u00e1reas como el cambio clim\u00e1tico, la justicia criminal y la educaci\u00f3n.&nbsp;Sitio web <a href=\"https:\/\/www.macfound.org\/\" target=\"_blank\" rel=\"noopener\">https:\/\/www.macfound.org\/<\/a><\/p>\n\n\n\n<p><strong>Programa J\u00f3venes Construyendo el Futuro:<\/strong> Ofrece apoyo a proyectos que involucran a j\u00f3venes en actividades de aprendizaje y desarrollo.&nbsp;Sitio web <a href=\"https:\/\/jovenesconstruyendoelfuturo.stps.gob.mx\/\" target=\"_blank\" rel=\"noopener\">https:\/\/jovenesconstruyendoelfuturo.stps.gob.mx\/<\/a><\/p>\n\n\n\n<p><strong>Fondo para el Desarrollo de Proyectos de Arte y Cultura (FODEPARC):<\/strong> Apoya proyectos art\u00edsticos y culturales en diversas regiones de M\u00e9xico.&nbsp;Sitio web <a href=\"https:\/\/www.gob.mx\/cultura\" target=\"_blank\" rel=\"noopener\">https:\/\/www.gob.mx\/cultura<\/a><\/p>\n\n\n\n<p><strong>Programa de Desarrollo Cultural Municipal:<\/strong> Financia proyectos que promueven el desarrollo cultural a nivel municipal.&nbsp;Sitio web <a href=\"https:\/\/www.gob.mx\/cultura\" target=\"_blank\" rel=\"noopener\">https:\/\/www.gob.mx\/cultura<\/a><\/p>\n\n\n\n<p><strong>Fondo de Apoyo a Proyectos para la Innovaci\u00f3n y Mejora Educativa:<\/strong> Dirigido a proyectos que buscan innovar y mejorar la calidad educativa.&nbsp;Sitio web <a href=\"https:\/\/www.gob.mx\/sep\" target=\"_blank\" rel=\"noopener\">https:\/\/www.gob.mx\/sep<\/a><\/p>\n\n\n\n<p><strong>Fondo de Apoyo a Proyectos de Impacto Social:<\/strong> Destinado a proyectos que generan un impacto social positivo en comunidades vulnerables.&nbsp;Sitio web <a href=\"https:\/\/www.gob.mx\/bienestar\" target=\"_blank\" rel=\"noopener\">https:\/\/www.gob.mx\/bienestar<\/a><\/p>\n\n\n\n<p><strong>Programa de Apoyo a la Infraestructura Cultural de los Estados (PAICE):<\/strong> Financia proyectos de infraestructura cultural en los estados.&nbsp;Sitio web <a href=\"https:\/\/www.gob.mx\/cultura\" target=\"_blank\" rel=\"noopener\">https:\/\/www.gob.mx\/cultura<\/a><\/p>\n\n\n\n<p><strong>Fondo para Proyectos Ambientales Sustentables: <\/strong>Apoya iniciativas que promueven la sustentabilidad y la conservaci\u00f3n del medio ambiente.&nbsp;Sitio web <a href=\"https:\/\/www.gob.mx\/semarnat\" target=\"_blank\" rel=\"noopener\">https:\/\/www.gob.mx\/semarnat<\/a><\/p>\n\n\n\n<p><strong>Programa de Fomento a Proyectos y Coinversiones Culturales:<\/strong> Apoya proyectos culturales mediante coinversiones.&nbsp;Sitio web&nbsp; <a href=\"https:\/\/conahcyt.mx\/\" target=\"_blank\" rel=\"noopener\">https:\/\/conahcyt.mx\/<\/a><\/p>\n\n\n\n<p><strong>Fondo para el Desarrollo de Proyectos de Tecnolog\u00eda Social y Sustentable: <\/strong>Financia proyectos que utilizan la tecnolog\u00eda para abordar problemas sociales y ambientales.&nbsp;Sitio web <a href=\"https:\/\/fonca.cultura.gob.mx\/\" target=\"_blank\" rel=\"noopener\">https:\/\/fonca.cultura.gob.mx\/<\/a><\/p>\n","protected":false},"excerpt":{"rendered":"<p>Consejo Nacional de Ciencia y Tecnolog\u00eda (CONACYT): Financia proyectos de investigaci\u00f3n y desarrollo en diversas \u00e1reas.Sitio web https:\/\/conahcyt.mx\/ Secretar\u00eda de Cultura: Ofrece convocatorias para proyectos culturales y art\u00edsticos.Sitio web https:\/\/www.gob.mx\/cultura Fondo Nacional para el Fomento de las Artesan\u00edas (FONART): Apoya proyectos que promueven el desarrollo artesanal.Sitio web https:\/\/www.gob.mx\/fonart\/ Programa de Coinversi\u00f3n Social del Instituto Nacional [&hellip;]<\/p>\n","protected":false},"author":1,"featured_media":128,"parent":49,"menu_order":0,"comment_status":"closed","ping_status":"closed","template":"","meta":[],"_links":{"self":[{"href":"https:\/\/blog.cecani.org\/index.php\/wp-json\/wp\/v2\/pages\/127"}],"collection":[{"href":"https:\/\/blog.cecani.org\/index.php\/wp-json\/wp\/v2\/pages"}],"about":[{"href":"https:\/\/blog.cecani.org\/index.php\/wp-json\/wp\/v2\/types\/page"}],"author":[{"embeddable":true,"href":"https:\/\/blog.cecani.org\/index.php\/wp-json\/wp\/v2\/users\/1"}],"replies":[{"embeddable":true,"href":"https:\/\/blog.cecani.org\/index.php\/wp-json\/wp\/v2\/comments?post=127"}],"version-history":[{"count":2,"href":"https:\/\/blog.cecani.org\/index.php\/wp-json\/wp\/v2\/pages\/127\/revisions"}],"predecessor-version":[{"id":131,"href":"https:\/\/blog.cecani.org\/index.php\/wp-json\/wp\/v2\/pages\/127\/revisions\/131"}],"up":[{"embeddable":true,"href":"https:\/\/blog.cecani.org\/index.php\/wp-json\/wp\/v2\/pages\/49"}],"wp:featuredmedia":[{"embeddable":true,"href":"https:\/\/blog.cecani.org\/index.php\/wp-json\/wp\/v2\/media\/128"}],"wp:attachment":[{"href":"https:\/\/blog.cecani.org\/index.php\/wp-json\/wp\/v2\/media?parent=127"}],"curies":[{"name":"wp","href":"https:\/\/api.w.org\/{rel}","templated":true}]}}