 {"id":150,"date":"2023-11-12T20:33:06","date_gmt":"2023-11-12T20:33:06","guid":{"rendered":"https:\/\/blog.cecani.org\/?page_id=150"},"modified":"2023-11-12T21:21:21","modified_gmt":"2023-11-12T21:21:21","slug":"convocatorias-permanentes-de-apoyo-economico-para-osc","status":"publish","type":"page","link":"https:\/\/blog.cecani.org\/index.php\/convocatorias\/convocatorias-permanentes-de-apoyo-economico-para-osc\/","title":{"rendered":"Convocatorias permanentes de apoyo econ\u00f3mico para OSC"},"content":{"rendered":"\n<p><strong>Proyectos sociales, premios econ\u00f3micos, impulso a emprendedores.<\/strong><\/p>\n\n\n\n<h5>Programa Alianzas con OSC de BBVA<\/h5>\n\n\n\n<p><strong>Convoca:<\/strong>&nbsp;Fundaci\u00f3n BBVA.<\/p>\n\n\n\n<p><strong>Descripci\u00f3n de la solicitud: <\/strong>Hay distintos procesos para la aprobaci\u00f3n de donativos, tales como: an\u00e1lisis del proyecto, expediente de la organizaci\u00f3n y validaci\u00f3n de un comit\u00e9. Una vez autorizado el proyecto, la Fundaci\u00f3n hace un seguimiento puntual de los recursos donados y del proyecto.<\/p>\n\n\n\n<p><strong>Vigencia:<\/strong>&nbsp;todo el a\u00f1o<strong>.<\/strong><\/p>\n\n\n\n<p>Env\u00eda toda la documentaci\u00f3n solicitada a: donativos.fundacion@bbva.com.&nbsp;<strong>Leer m\u00e1s<\/strong>&nbsp;en esta liga,&nbsp;<a href=\"https:\/\/www.fundacionbbva.mx\/colaboracion\/\" target=\"_blank\" rel=\"noopener\">https:\/\/www.fundacionbbva.mx\/colaboracion\/<\/a><\/p>\n\n\n\n<h5>Programa de donativos en Latinoam\u00e9rica<\/h5>\n\n\n\n<p><strong>Convoca:<\/strong>&nbsp;Open Society Foundations. Temas que apoya: rendici\u00f3n de cuentas y transparencia, pol\u00edtica antidrogas, derechos humanos, seguridad ciudadana y reducci\u00f3n del homicidio.&nbsp;<\/p>\n\n\n\n<p><strong>Vigencia:&nbsp;<\/strong>todo el a\u00f1o.<\/p>\n\n\n\n<p>Contacto:&nbsp;<a href=\"mailto:latinamerica@opensocietyfoundations.org\">latinamerica@opensocietyfoundations.org<\/a>&nbsp;<strong>&nbsp;Leer bases<\/strong>&nbsp;en este enlace,&nbsp;<a href=\"https:\/\/donativos.femsa.com\/\" target=\"_blank\" rel=\"noopener\">https:\/\/donativos.femsa.com\/<\/a><\/p>\n\n\n\n<h5>Convocatoria Vivir es Incre\u00edble apoyando a los dem\u00e1s<\/h5>\n\n\n\n<p><strong>Convoca:<\/strong>&nbsp;GNP Seguros, a trav\u00e9s de su programa de responsabilidad social empresarial.<\/p>\n\n\n\n<p><strong>Descripci\u00f3n:<\/strong>&nbsp;Se apoya a organizaciones en distintos temas como salud, deporte, alimentaci\u00f3n, albergues, proyectos sustentables, educaci\u00f3n, medio ambiente, atenci\u00f3n de las violencias, vivienda, arte y cultura, inclusi\u00f3n social y laboral. Para participar en su programa, la OSC debe de registrarse y ser evaluada por un Comit\u00e9.<\/p>\n\n\n\n<p><strong>Vigencia:&nbsp;<\/strong>todo el a\u00f1o.<\/p>\n\n\n\n<p><strong>Leer m\u00e1s<\/strong>&nbsp;en la siguiente<a href=\"https:\/\/www.gnp.com.mx\/responsabilidad-social\/vivir-es-increible-ayudando-a-los-demas?fbclid=IwAR0sC7CVAUedmGhN6hznqID2W_1YSghKE23F_WqyZyOzC_fcjy-Ob0zdOkM\" target=\"_blank\" rel=\"noopener\">&nbsp;liga.&nbsp;<\/a><\/p>\n\n\n\n<h5>Donativos para el desarrollo comunitario<\/h5>\n\n\n\n<p>Invertimos en proyectos\u00a0<strong>dirigidos por comunidades<\/strong>\u00a0en Latinoam\u00e9rica y el Caribe. Nos asociamos con\u00a0<strong>organizaciones locales<\/strong>\u00a0que generan\u00a0<strong>soluciones innovadoras y viables a desaf\u00edos de desarrollo<\/strong>\u00a0de sus localidades\u2014especialmente en comunidades marginadas o menos favorecidas.<\/p>\n\n\n\n<p>Nosotros no sugerimos proyectos ni identificamos problemas. En cambio,\u00a0<strong>respondemos a las propuestas de proyectos<\/strong>\u00a0que nos env\u00edan organizaciones comunitarias.<\/p>\n\n\n\n<p>Decidimos qu\u00e9 proyectos financiar con base en el\u00a0<strong>m\u00e9rito<\/strong>, no el sector.\u00a0Nuestros socios donatarios promueven\u00a0<strong>comunidades m\u00e1s pr\u00f3speras, pac\u00edficas y democr\u00e1ticas<\/strong>\u00a0en una amplia gama de sectores.<\/p>\n\n\n\n<p>Invitamos a su organizaci\u00f3n a solicitar una de nuestras donaciones. Para garantizar que tomemos en cuenta su solicitud, lea los siguientes pasos.<\/p>\n\n\n\n<p><strong>Proceso:<\/strong><\/p>\n\n\n\n<ol><li>Revise si su organizaci\u00f3n es elegible para presentar una solicitud.<\/li><li>Revise si su proyecto cumple los requisitos para recibir fondos.<\/li><li>Complete su solicitud en nuestro portal.<\/li><li>Le pedimos paciencia mientras revisamos su solicitud.<\/li><\/ol>\n\n\n\n<p><strong>Aceptamos solicitudes de donaci\u00f3n los 365 d\u00edas del a\u00f1o.<\/strong><\/p>\n\n\n\n<p>Por ahora financiamos solicitudes con importes entre los\u00a0<strong>USD 25,000<\/strong>\u00a0y\u00a0<strong>USD 400,000<\/strong>.<\/p>\n\n\n\n<p>Requerimos que todas las organizaciones que reciben nuestro financiamiento comprometan recursos para avanzar en sus iniciativas de desarrollo. A estos recursos los llamamos \u00abcontrapartida\u00bb. Para aprender m\u00e1s, por favor lea nuestra\u00a0<a href=\"http:\/\/www.iaf.gov\/es\/que-hacemos\/publicaciones\/guia-sobre-contrapartida-para-solicitantes-de-donaciones\/\" target=\"_blank\" rel=\"noopener\">gu\u00eda sobre contrapartida<\/a>.<\/p>\n\n\n\n<p><strong>Vigencia:<\/strong> Todo el a\u00f1o.<\/p>\n\n\n\n<p>M\u00e1s informaci\u00f3n en el siguiente enlace: <a href=\"https:\/\/www.iaf.gov\/es\/solicite-fondos\/\" target=\"_blank\" rel=\"noopener\">https:\/\/www.iaf.gov\/es\/solicite-fondos\/<\/a><\/p>\n\n\n\n<h5>Donativos FEMSA<\/h5>\n\n\n\n<p><strong>Convoca:<\/strong> FEMSA.<\/p>\n\n\n\n<p>Tenemos m\u00e1s de 130 a\u00f1os de historia centrados en valores que dignifican al ser humano y la persona. Nuestra existencia est\u00e1 sustentada en un compromiso permanente de creaci\u00f3n de valor econ\u00f3mico y social para nuestros colaboradores y las comunidades en donde operamos., consideramos una responsabilidad ayudar a generar valor en las comunidades en donde tenemos presencia.<\/p>\n\n\n\n<p>Es por ello que a trav\u00e9s de donativos FEMSA, apoyamos el desarrollo de la sociedad mejorando la calidad de vida de las personas y de las comunidades, a trav\u00e9s de organismos e instituciones que generan impacto positivo en su entorno; participando en los sectores de: Asistencia social, salud y deporte, educaci\u00f3n y medio ambiente.\u00a0<\/p>\n\n\n\n<p><strong>Vigencia:<\/strong> Todo el a\u00f1o.<\/p>\n\n\n\n<p>Si est\u00e1s interesado en solicitar un donativo en FEMSA te invitamos a revisar el proceso: <a href=\"https:\/\/donativos.femsa.com\/\" target=\"_blank\" rel=\"noopener\">https:\/\/donativos.femsa.com\/<\/a><\/p>\n\n\n\n<h5>Cemefi y Techsoup Global a trav\u00e9s de la plataforma OSC Digital.<\/h5>\n\n\n\n<p>Organizaciones de la sociedad civil pueden solicitar donaci\u00f3n de productos de software de Cisco, Micro- soft, SAP y Symantec. &#8211; Apoyo en especie.<\/p>\n\n\n\n<p><strong>Vigencia:<\/strong> Todo el a\u00f1o.<\/p>\n\n\n\n<p>M\u00e1s informaci\u00f3n: <a href=\"https:\/\/www.oscdigital.org\/\" target=\"_blank\" rel=\"noopener\">https:\/\/www.oscdigital.org\/<\/a><\/p>\n\n\n\n<h5>Alianzas con OSC<\/h5>\n\n\n\n<p><strong>Convoca:<\/strong> Fundaci\u00f3n BBVA M\u00e9xico.<\/p>\n\n\n\n<p>Generar sinergias con instituciones que est\u00e9n dedicadas y comprometidas con la educaci\u00f3n formal en M\u00e9xico para exponenciar sus impactos, contribuir al progreso de nuestro pa\u00eds y a la mejora en la calidad de vida Elevar la calidad de vida de mexicanos en situaci\u00f3n vulnerable con discapacidad auditiva, mediante programas institucionales que fomentan la inclusi\u00f3n. Difundir programas, causas y proyectos de las organizaciones de la sociedad civil legalmente constituidas y apoyar en caso de desastres naturales.<\/p>\n\n\n\n<p><strong>Vigencia: <\/strong>Todo el a\u00f1o.<\/p>\n\n\n\n<p>M\u00e1s informaci\u00f3n: <a href=\"https:\/\/www.fundacionbbva.mx\/colaboracion\/\" target=\"_blank\" rel=\"noopener\">https:\/\/www.fundacionbbva.mx\/colaboracion\/<\/a><\/p>\n\n\n\n<h5>Convocatoria por la audici\u00f3n tiempo aire<\/h5>\n\n\n\n<p><strong>Convoca:<\/strong> Fundaci\u00f3n MVS Radio.<\/p>\n\n\n\n<p>El apoyo de la Fundaci\u00f3n Sertull est\u00e1 dirigido a organizaciones de la sociedad civil que atienden a grupos sociales en condiciones de vulnerabilidad, pobreza y pobreza extrema, principalmente ni\u00f1os, j\u00f3venes, mujeres y comunidades rurales.<\/p>\n\n\n\n<p><strong>Vigencia:<\/strong> Todo el a\u00f1o.<\/p>\n\n\n\n<p>M\u00e1s informaci\u00f3n: <a href=\"https:\/\/fundacionmvsradio.org\/\" target=\"_blank\" rel=\"noopener\">https:\/\/fundacionmvsradio.org\/<\/a><\/p>\n\n\n\n<h5>Apoyo a Proyectos Sociales de Grupo M\u00e9xico Financiamiento permanente<\/h5>\n\n\n\n<p><strong>Convoca:<\/strong> Grupo M\u00e9xico.<\/p>\n\n\n\n<p>Fortalecer la labor social del pa\u00eds, apoyando constantemente a la sociedad civil organizada. Financiar proyectos de educaci\u00f3n, medio ambiente, emergencias y desastres y salud.<\/p>\n\n\n\n<p><strong>Vigencia:<\/strong> Todo el a\u00f1o.<\/p>\n\n\n\n<p>M\u00e1s informaci\u00f3n: <a href=\"https:\/\/www.fundaciongrupomexico.org\/apoyos\/Paginas\/solicitud.aspx.\" target=\"_blank\" rel=\"noopener\">https:\/\/www.fundaciongrupomexico.org\/apoyos\/Paginas\/solicitud.aspx.<\/a><\/p>\n\n\n\n<h5>Donaci\u00f3n en especie<\/h5>\n\n\n\n<p><strong>Convoca:<\/strong> Home Depot.<\/p>\n\n\n\n<p>Programa dirigido para apoyar a todas aquellas instituciones con necesidad de construcci\u00f3n de sus espacios de atenci\u00f3n.<\/p>\n\n\n\n<p><strong>Vigencia: <\/strong>Todo el a\u00f1o.<\/p>\n\n\n\n<p>M\u00e1s informaci\u00f3n: <a href=\"https:\/\/compromisonaranja.bitam.com\/Proyectos.html\" target=\"_blank\" rel=\"noopener\">https:\/\/compromisonaranja.bitam.com\/Proyectos.html<\/a><\/p>\n\n\n\n<h5>Recaudaci\u00f3n de Fondos de Krispy Kreme<\/h5>\n\n\n\n<p><strong>Convoca: <\/strong>Krispy Kreme.<\/p>\n\n\n\n<p>Krispy Kreme le ofrece a las OSC un descuento del 40% en la compra de docenas de donas. De este modo, las OSC pueden vender el producto al mismo precio que los clientes lo adquieren en las sucursales. As\u00ed las organizaciones obtienen una ganancia del 40%. &#8211; Apoyo en especie.<\/p>\n\n\n\n<p><strong>Vigencia:<\/strong> Todo el a\u00f1o.<\/p>\n\n\n\n<p>M\u00e1s informaci\u00f3n: <a href=\"https:\/\/www.krispykreme.mx\/recauda\/?gclid=EAIaI-QobChMI-_WaitHJ7wIVgv3jBx09awzaEAAYASAAEgJG-JvD_BwE\" target=\"_blank\" rel=\"noopener\">https:\/\/www.krispykreme.mx\/recauda\/?gclid=EAIaI-QobChMI-_WaitHJ7wIVgv3jBx09awzaEAAYASAAEgJG-JvD_BwE<\/a><\/p>\n\n\n\n<h5>Convocatorias abiertas<\/h5>\n\n\n\n<p><strong>Convoca:<\/strong> Markoptic<\/p>\n\n\n\n<p>Pr\u00f3tesis mec\u00e1nicas de brazo y pierna, as\u00ed como entrega de colchones especiales para personas postradas.<\/p>\n\n\n\n<p><strong>Vigencia: <\/strong>Todo el a\u00f1o.<\/p>\n\n\n\n<p>M\u00e1s informaci\u00f3n: http:\/\/fundacionmarkoptic.org.mx\/convocatorias\/<\/p>\n\n\n\n<h5>Dibujando un ma\u00f1ana<\/h5>\n\n\n\n<p><strong>Convoca:<\/strong> Dibujando un ma\u00f1ana.<\/p>\n\n\n\n<p>Guiar y asesorar a organizaciones de la sociedad civil en temas de gesti\u00f3n de recursos, derechos humanos e inversi\u00f3n social para garantizar que sus iniciativas se conviertan en planes de acci\u00f3n que brinden una mejor oportunidad en la vida de ni\u00f1as, ni\u00f1os y adolescentes en situaci\u00f3n de vulnerabilidad.<\/p>\n\n\n\n<p><strong>Vigencia:<\/strong> Todo el a\u00f1o.<\/p>\n\n\n\n<p>M\u00e1s informaci\u00f3n: <a href=\"https:\/\/www.dibujando.org.mx\/osc\/\" target=\"_blank\" rel=\"noopener\">https:\/\/www.dibujando.org.mx\/osc\/<\/a><\/p>\n\n\n\n<h5>Fundaci\u00f3n Chanel<\/h5>\n\n\n\n<p><strong>Convoca:<\/strong> Fundaci\u00f3n Chanel<\/p>\n\n\n\n<p>La Fundaci\u00f3n Chanel apoya proyectos con el deseo de tener un impacto tanto en las mujeres individualmente, como en las organizaciones de mujeres. Busca conseguir resultados tangibles y sostenibles a favor del empoderamiento y los derechos de las mujeres.<\/p>\n\n\n\n<p>Los proyectos deben centrarse en el empoderamiento de mujeres y estar relacionados con una o varias de las siguientes tem\u00e1ticas:<\/p>\n\n\n\n<ul><li>Recursos econ\u00f3micos y emprendimiento.<\/li><li>Educaci\u00f3n y formaci\u00f3n profesional.<\/li><li>Liderazgo y toma de decisiones.<\/li><li>Servicios sanitarios y de protecci\u00f3n social.<\/li><li>Arte y cultura.<\/li><\/ul>\n\n\n\n<p><strong>Vigencia:<\/strong> Todo el a\u00f1o.<\/p>\n\n\n\n<p>M\u00e1s informaci\u00f3n: <a href=\"https:\/\/www.fondationchanel.org\/en\/our-support\/\" target=\"_blank\" rel=\"noopener\">https:\/\/www.fondationchanel.org\/en\/our-support\/<\/a><\/p>\n\n\n\n<h5>Cemefi y Techsoup Global<\/h5>\n\n\n\n<p><strong>Convoca:<\/strong> Cemefi y Techsoup Global.<\/p>\n\n\n\n<p>Organizaciones de la sociedad civil pueden solicitar donaci\u00f3n de productos de software de Cisco, Microsoft, SAP y Symantec.<\/p>\n\n\n\n<p><strong>Vigencia:<\/strong> Todo el a\u00f1o.<\/p>\n\n\n\n<p>M\u00e1s informaci\u00f3n: <a href=\"https:\/\/www.cemefi.org\/convocatorias\/convocatorias-privadas\/apoyo-en-especie\/4253-2017-01-18-14-45-08\" target=\"_blank\" rel=\"noopener\">https:\/\/www.cemefi.org\/convocatorias\/convocatorias-privadas\/apoyo-en-especie\/4253-2017-01-18-14-45-08<\/a><\/p>\n","protected":false},"excerpt":{"rendered":"<p>Proyectos sociales, premios econ\u00f3micos, impulso a emprendedores. Programa Alianzas con OSC de BBVA Convoca:&nbsp;Fundaci\u00f3n BBVA. Descripci\u00f3n de la solicitud: Hay distintos procesos para la aprobaci\u00f3n de donativos, tales como: an\u00e1lisis del proyecto, expediente de la organizaci\u00f3n y validaci\u00f3n de un comit\u00e9. Una vez autorizado el proyecto, la Fundaci\u00f3n hace un seguimiento puntual de los recursos [&hellip;]<\/p>\n","protected":false},"author":1,"featured_media":151,"parent":49,"menu_order":0,"comment_status":"closed","ping_status":"closed","template":"","meta":[],"_links":{"self":[{"href":"https:\/\/blog.cecani.org\/index.php\/wp-json\/wp\/v2\/pages\/150"}],"collection":[{"href":"https:\/\/blog.cecani.org\/index.php\/wp-json\/wp\/v2\/pages"}],"about":[{"href":"https:\/\/blog.cecani.org\/index.php\/wp-json\/wp\/v2\/types\/page"}],"author":[{"embeddable":true,"href":"https:\/\/blog.cecani.org\/index.php\/wp-json\/wp\/v2\/users\/1"}],"replies":[{"embeddable":true,"href":"https:\/\/blog.cecani.org\/index.php\/wp-json\/wp\/v2\/comments?post=150"}],"version-history":[{"count":4,"href":"https:\/\/blog.cecani.org\/index.php\/wp-json\/wp\/v2\/pages\/150\/revisions"}],"predecessor-version":[{"id":157,"href":"https:\/\/blog.cecani.org\/index.php\/wp-json\/wp\/v2\/pages\/150\/revisions\/157"}],"up":[{"embeddable":true,"href":"https:\/\/blog.cecani.org\/index.php\/wp-json\/wp\/v2\/pages\/49"}],"wp:featuredmedia":[{"embeddable":true,"href":"https:\/\/blog.cecani.org\/index.php\/wp-json\/wp\/v2\/media\/151"}],"wp:attachment":[{"href":"https:\/\/blog.cecani.org\/index.php\/wp-json\/wp\/v2\/media?parent=150"}],"curies":[{"name":"wp","href":"https:\/\/api.w.org\/{rel}","templated":true}]}}