 {"id":65,"date":"2022-12-22T18:28:02","date_gmt":"2022-12-22T18:28:02","guid":{"rendered":"https:\/\/blog.cecani.org\/?page_id=65"},"modified":"2022-12-22T18:31:49","modified_gmt":"2022-12-22T18:31:49","slug":"tramite-de-donataria-autorizada","status":"publish","type":"page","link":"https:\/\/blog.cecani.org\/index.php\/servicios\/tramite-de-donataria-autorizada\/","title":{"rendered":"Tr\u00e1mite de donataria autorizada"},"content":{"rendered":"\n<h4>Conoce las ventajas de ser una donataria autorizada<\/h4>\n\n\n\n<p>Una Donataria Autorizada es una asociaci\u00f3n sin fines de lucro, que puede recibir donaciones como persona moral. Seg\u00fan la Ley del Impuesto Sobre la Renta (LISR), son todas las asociaciones que destinan sus activos exclusivamente a los fines de objeto social, y que no pueden entregar beneficios sobre el remanente redituable a sus integrantes, ya sean personas f\u00edsicas o morales.<\/p>\n\n\n\n<p>Es decir, esta denominaci\u00f3n se otorga principalmente a las asociaciones que se dedican a proveer alg\u00fan bien a la sociedad sin recibir nada a cambio, por ejemplo,&nbsp;<strong>orfanatos, refugios, instituciones que velan por los enfermos, instituciones culturales, educativas o m\u00e9dicas<\/strong>, entre otras. Tambi\u00e9n existe la ventaja de que, si eres una empresa o una persona moral y donas a una de estas instituciones, puedes deducir una parte de tus impuestos.<\/p>\n\n\n\n<h4>Requisitos para ser una Donataria Autorizada<\/h4>\n\n\n\n<p>Para ser una Donataria en M\u00e9xico que pueda realizar sus actividades de forma legal, debe de estar autorizada por el Servicio de Administraci\u00f3n Tributaria (SAT) y cumplir con los siguientes requisitos:<\/p>\n\n\n\n<ul><li>El primero y el m\u00e1s importante consiste en revisar y verificar que las actividades que se realizan cumplen con un fin u objeto social. \u00c9ste debe estar autorizado por el SAT para recibir donativos deducibles. Entre estas actividades destacan: actividades educativas, de investigaci\u00f3n cient\u00edfica, culturales, ecol\u00f3gicas, de apoyo econ\u00f3mico, de obras y de desarrollo social.<\/li><li>Hay que contar con un acta constitutiva y un representante legal, para que la Donataria sea avalada como constituci\u00f3n formal.<\/li><li>Como tercer requisito se debe de presentar un documento que le d\u00e9 validez a la realizaci\u00f3n de las actividades, por las cuales se solicita la autorizaci\u00f3n. Por ejemplo, si la asociaci\u00f3n se dedica a actividades culturales, es necesaria una constancia que expida la Secretar\u00eda de Cultura, el INBA o el INAH, de modo que respalde que, en efecto, la Donataria realiza actividades de ese tipo. Cada rubro cuenta con sus propias caracter\u00edsticas.<\/li><\/ul>\n\n\n\n<p>Una vez que se cumplen con los&nbsp;<strong>requisitos antes mencionados se debe solicitar la autorizaci\u00f3n al Servicio de Administraci\u00f3n Tributaria, con el fin de expedir recibos deducibles del Impuesto sobre la Renta (ISR)<\/strong>. Para la aprobaci\u00f3n es necesario contar con los siguientes requisitos:<\/p>\n\n\n\n<ul><li>Disponer del Registro Federal de Contribuyentes (RFC).<\/li><li>Contar con contrase\u00f1a para ingresar a la p\u00e1gina web del SAT.<\/li><li>&nbsp;Tener la e.firma.<\/li><li>&nbsp;Tener una constancia de situaci\u00f3n fiscal.<\/li><li>Contar con la opini\u00f3n de cumplimiento de obligaciones fiscales.<\/li><\/ul>\n\n\n\n<p>Para tramitar la solicitud, debemos de ingresar a la p\u00e1gina del Servicio de Administraci\u00f3n Tributaria (sat.gob.mx) y oprimir la opci\u00f3n \u201cEmpresas\u201d. Una vez ah\u00ed, hay que seleccionar la opci\u00f3n \u201cBuz\u00f3n Tributario\u201d, para despu\u00e9s iniciar sesi\u00f3n con la e.firma o con el RFC y la contrase\u00f1a de la organizaci\u00f3n civil o fideicomiso.<\/p>\n\n\n\n<p>Una vez dentro elegimos la opci\u00f3n \u201cTr\u00e1mites\u201d, y despu\u00e9s, el apartado con la opci\u00f3n Jur\u00eddica, dentro del cual hay que dar clic en&nbsp;<strong>\u201cAutorizaci\u00f3n para ser Donataria\u201d<\/strong>.<\/p>\n\n\n\n<p>En este punto se tiene que comenzar con el registro de la solicitud y adjuntar la documentaci\u00f3n requerida, una vez finalizado se debe de firmar y enviar el documento. Al enviarlo, se obtiene el acuse de presentaci\u00f3n de solicitud. Es importante guardar este documento para futuras referencias.<\/p>\n\n\n\n<p>El SAT puso a disposici\u00f3n del p\u00fablico una \u201cGu\u00eda para el llenado de la solicitud de autorizaci\u00f3n para recibir donativos deducibles en el Buz\u00f3n Tributario\u201d, la cual puedes descargar completamente gratis a&nbsp;<a href=\"https:\/\/www.sat.gob.mx\/cs\/Satellite?blobcol=urldata&amp;blobkey=id&amp;blobtable=MungoBlobs&amp;blobwhere=1461173444080&amp;ssbinary=true\" target=\"_blank\" rel=\"noreferrer noopener\">trav\u00e9s de este enlace.<\/a><\/p>\n\n\n\n<p>Una vez realizado todo este proceso, se evaluar\u00e1 la solicitud y la documentaci\u00f3n. Si es aceptada, se emitir\u00e1 una constancia, la cual muestra la autorizaci\u00f3n a la organizaci\u00f3n civil para recibir donativos.<\/p>\n\n\n\n<p>Los datos de esta asociaci\u00f3n ser\u00e1n publicados en el Diario Oficial de la Federaci\u00f3n (DOF) y en el portal de internet del SAT, seg\u00fan el anexo 14 de la Resoluci\u00f3n Miscel\u00e1nea Fiscal (RMF).<\/p>\n\n\n\n<p>Esta autorizaci\u00f3n entre otras cosas permite otorgar a sus donantes recibos deducibles, tiene vigencia durante todo el ejercicio fiscal del tr\u00e1mite.<\/p>\n\n\n\n<h4>Ventajas de ser donataria autorizada<\/h4>\n\n\n\n<p>Ser una persona moral con fines no lucrativos, que ha obtenido la autorizaci\u00f3n del organismo fiscal para ser una Donataria Autorizada, tienes distintas ventajas, las cuales nombraremos a continuaci\u00f3n:<\/p>\n\n\n\n<ul><li>Puede recibir donativos ilimitados, ya sea en efectivo o especie, de residentes en M\u00e9xico o en cualquier pa\u00eds extranjero, siempre y cuando se expidan los respectivos comprobantes.<\/li><li>Al ser reconocido como una Donataria Autorizada, el nombre de la asociaci\u00f3n aparecer\u00e1 en portal del Servicio de Administraci\u00f3n Tributaria, para demostrar a los posibles donadores que est\u00e1 debidamente registrada. La lista se puede revisar&nbsp;<a href=\"https:\/\/www.sat.gob.mx\/consultas\/27717\/conoce-el-directorio-de-donatarias-autorizadas\" target=\"_blank\" rel=\"noreferrer noopener\">en este enlace.<\/a><\/li><li>Se puede tributar como persona moral con fines no lucrativos de acuerdo con el t\u00edtulo III de la LISR.<\/li><li>De manera general, una Donataria Autorizada no es contribuyente del Impuesto sobre la Renta.<\/li><li>No paga impuestos por la importaci\u00f3n de bienes de comercio exterior, siempre y cuando estos recursos sean destinados a fines culturales, de ense\u00f1anza, de investigaci\u00f3n, de salud p\u00fablica o servicio social.<\/li><\/ul>\n\n\n\n<h4>\u00bfQu\u00e9 ventajas tienen las personas que donan a una donataria autorizada?<\/h4>\n\n\n\n<p>Las personas f\u00edsicas pueden deducir los donativos que den a las personas morales que est\u00e1n autorizadas para aceptar donativos deducibles, incluidas las donaciones que se dan a las Comisiones de Derechos Humanos.<\/p>\n\n\n\n<p>Esta deducci\u00f3n es aplicable, siempre y cuando los donativos no excedan el&nbsp;<strong>7% de los ingresos acumulables de la persona f\u00edsica en el ejercicio anterior<\/strong>. Las personas morales pueden deducir la cantidad que donen a las instituciones autorizadas y se aplica el mismo principio.<\/p>\n\n\n\n<p>Si la donaci\u00f3n se hace a favor de la Federaci\u00f3n o de algunos municipios, dicha cantidad&nbsp;<strong>no podr\u00e1 exceder el 4% de los ingresos acumulables o de las utilidades<\/strong>, dependiendo de si se trata de persona moral o f\u00edsica.<\/p>\n\n\n\n<p>Incluso si se hacen donativos en especie, se puede&nbsp;<strong>deducir el importe correspondiente<\/strong>.<\/p>\n\n\n\n<h4>\u00bfCu\u00e1les son las Obligaciones de la donataria autorizada?<\/h4>\n\n\n\n<p>Durante el mes de mayo de cada a\u00f1o, las Donatarias deber\u00e1n de poner a disposici\u00f3n del p\u00fablico toda la informaci\u00f3n del a\u00f1o fiscal anterior para fines de transparencia, esta informaci\u00f3n deber\u00e1 de contener el uso y el destino de cada uno de los donativos que fueron recibidos, y de las actividades que se realizaron para mejorar el sector elegido.<\/p>\n\n\n\n<p>Tambi\u00e9n, deber\u00e1n de presentar la declaraci\u00f3n anual (al igual que cualquier empresa) antes de la fecha l\u00edmite, que es el&nbsp;<strong>15 de febrero de cada a\u00f1o<\/strong>. En ella se informar\u00e1 al SAT de los ingresos que se obtuvieron y del desembolso de dinero que se efectu\u00f3.<\/p>\n\n\n\n<p>Estas asociaciones, adem\u00e1s, deber\u00e1n destinar los activos exclusivamente a los fines de su objeto social; no podr\u00e1n destinarlos a personas f\u00edsicas o morales, a excepci\u00f3n de que se trate de las mismas personas morales autorizadas.<\/p>\n\n\n\n<p>En el momento que una Donataria Autorizada se desintegre o cambie de residencia, para temas fiscales, tendr\u00e1 que dar la totalidad de su patrimonio a otras entidades autorizadas, para recibir donativos deducibles de ISR.<\/p>\n\n\n\n<p>Si hay alg\u00fan cambio o modificaci\u00f3n en los estatutos, la asociaci\u00f3n cuenta con 10 d\u00edas h\u00e1biles para informarlo al SAT. Estos cambios pueden ser desde el RFC, el domicilio fiscal, un cambio de denominaci\u00f3n o raz\u00f3n social, una fusi\u00f3n, extinci\u00f3n o disoluci\u00f3n\u2026 todo esto en t\u00e9rminos de la ficha 16\/ISR del Anexo 1-A de la Resoluci\u00f3n Miscel\u00e1nea Fiscal vigente.<\/p>\n\n\n\n<h4>Vigencia de la autorizaci\u00f3n<\/h4>\n\n\n\n<p>La probaci\u00f3n para que la Donataria Autorizada pueda recibir donativos deducibles tiene vigencia de un a\u00f1o, seg\u00fan el art\u00edculo 36-Bis del C\u00f3digo Fiscal de la Federaci\u00f3n (CFF).<\/p>\n\n\n\n<p>Si esta concesi\u00f3n mantiene su vigencia en ejercicios fiscales posteriores, la Donataria deber\u00e1 cumplir con sus debidas obligaciones y no incurrir en alguna falta que d\u00e9 motivo a la revocaci\u00f3n,de acuerdo a lo que se establece en la regla 3.10.15. de la Resoluci\u00f3n Miscel\u00e1nea Fiscal.<\/p>\n\n\n\n<p>Para poder renovar el permiso se deber\u00e1n de cumplir con distintas obligaciones y requisitos correspondientes al ejercicio fiscal anterior:<\/p>\n\n\n\n<ul><li>Deber\u00e1s de contar con el informe denominado \u201cInforme para garantizar la transparencia, as\u00ed como el uso y destino de los donativos recibidos y actividades destinadas a influir en la legislaci\u00f3n\u201d, el cual est\u00e1 contenido en el anexo 1-A.<\/li><li>Tener la declaraci\u00f3n de informaci\u00f3n en el art\u00edculo 86, en el p\u00e1rrafo tercero de la Ley del Impuesto sobre la Renta.<\/li><li>Ingresar desde 1 hasta 5 correos electr\u00f3nicos con el fin de recibir los avisos del art\u00edculo 17-K del C\u00f3digo Fiscal de la Federaci\u00f3n, en el cual se establece que las personas f\u00edsicas y morales que cuenten con Buz\u00f3n Tributario deber\u00e1n de consultarlo dentro de los 3 d\u00edas posteriores a la llegada de cualquier aviso.<\/li><\/ul>\n\n\n\n<h4>Revocaci\u00f3n de la autorizaci\u00f3n<\/h4>\n\n\n\n<p>El Servicio de Administraci\u00f3n Tributaria&nbsp;<strong>revocar\u00e1 la concesi\u00f3n a la Donataria Autorizada a recibir donativos deducibles<\/strong>&nbsp;por las siguientes causas:<\/p>\n\n\n\n<ul><li>Cuando, tanto los documentos, como toda la informaci\u00f3n mostrada ante el SAT presente variaciones o desajustes.<\/li><li>Cuando la Donataria no solvente las obligaciones y los requerimientos impuestos por el organismo fiscal.<\/li><li>Cuando no se proporcione una nueva acreditaci\u00f3n vigente.<\/li><\/ul>\n\n\n\n<p>Esta revocaci\u00f3n se dar\u00e1 a conocer, de igual forma, con el nombre o raz\u00f3n social de la asociaci\u00f3n, a trav\u00e9s del DOF y del portal del SAT.<\/p>\n","protected":false},"excerpt":{"rendered":"<p>Conoce las ventajas de ser una donataria autorizada Una Donataria Autorizada es una asociaci\u00f3n sin fines de lucro, que puede recibir donaciones como persona moral. Seg\u00fan la Ley del Impuesto Sobre la Renta (LISR), son todas las asociaciones que destinan sus activos exclusivamente a los fines de objeto social, y que no pueden entregar beneficios [&hellip;]<\/p>\n","protected":false},"author":1,"featured_media":66,"parent":57,"menu_order":0,"comment_status":"closed","ping_status":"closed","template":"","meta":[],"_links":{"self":[{"href":"https:\/\/blog.cecani.org\/index.php\/wp-json\/wp\/v2\/pages\/65"}],"collection":[{"href":"https:\/\/blog.cecani.org\/index.php\/wp-json\/wp\/v2\/pages"}],"about":[{"href":"https:\/\/blog.cecani.org\/index.php\/wp-json\/wp\/v2\/types\/page"}],"author":[{"embeddable":true,"href":"https:\/\/blog.cecani.org\/index.php\/wp-json\/wp\/v2\/users\/1"}],"replies":[{"embeddable":true,"href":"https:\/\/blog.cecani.org\/index.php\/wp-json\/wp\/v2\/comments?post=65"}],"version-history":[{"count":2,"href":"https:\/\/blog.cecani.org\/index.php\/wp-json\/wp\/v2\/pages\/65\/revisions"}],"predecessor-version":[{"id":74,"href":"https:\/\/blog.cecani.org\/index.php\/wp-json\/wp\/v2\/pages\/65\/revisions\/74"}],"up":[{"embeddable":true,"href":"https:\/\/blog.cecani.org\/index.php\/wp-json\/wp\/v2\/pages\/57"}],"wp:featuredmedia":[{"embeddable":true,"href":"https:\/\/blog.cecani.org\/index.php\/wp-json\/wp\/v2\/media\/66"}],"wp:attachment":[{"href":"https:\/\/blog.cecani.org\/index.php\/wp-json\/wp\/v2\/media?parent=65"}],"curies":[{"name":"wp","href":"https:\/\/api.w.org\/{rel}","templated":true}]}}