 {"id":83,"date":"2023-02-17T17:54:35","date_gmt":"2023-02-17T17:54:35","guid":{"rendered":"https:\/\/blog.cecani.org\/?page_id=83"},"modified":"2023-02-17T18:10:58","modified_gmt":"2023-02-17T18:10:58","slug":"membresia-digital-para-ongs","status":"publish","type":"page","link":"https:\/\/blog.cecani.org\/index.php\/servicios\/membresia-digital-para-ongs\/","title":{"rendered":"Membres\u00eda Digital para ONG&#8217;s"},"content":{"rendered":"\n<p>Te presentamos un paquete completo de opciones que permiten capacitarte para poder elaborar proyectos y programas sociales, contabilidad b\u00e1sica para A.C, cumplimiento de obligaciones en el procedimiento para la certificaci\u00f3n como donataria, asesor\u00eda en marketing social, planes de negocio y como procurar fondos y financiamientos nacionales e internacionales en la ejecuci\u00f3n de proyectos de forma profesional.<\/p>\n\n\n\n<h4>Ingresa a la red de organizaciones de la sociedad civil m\u00e1s grande de M\u00e9xico&#8230;<\/h4>\n\n\n\n<p>Dirigido a: Asociaciones Civiles, Instituciones de Asistencia Privada, Organizaciones sin Fines de Lucro e Instituciones de Beneficiencia P\u00fablica y Privada, Entidades sin Fines de Lucro de todo M\u00e9xico y Am\u00e9rica Latina.<\/p>\n\n\n\n<p>\u00bfEstas listo para llevar tu asociaci\u00f3n al siguiente nivel? Conoce todos los beneficios que tenemos para ti con nuestra membres\u00eda:<\/p>\n\n\n\n<ul><li>Convocatorias mensuales.<\/li><li>Nacionales e internacionales.<\/li><li>Manuales exclusivos Cecani sin costo.<\/li><li>Conferencias de caso de \u00e9xito de asociaciones Cecani.<\/li><li>Acceso a la base de datos de asociaciones de todo el pa\u00eds.<\/li><li>Manual de tips para procurar fondos.<\/li><li>Biblioteca virtual sobre documentos valiosos para organizaciones.<\/li><li>Cursos nuevos cada mes.<\/li><li>Obtendr\u00e1s diplomas en cada curso.<\/li><li>Obtendr\u00e1s constancias de participaci\u00f3n de conferencias.<\/li><\/ul>\n\n\n\n<p>\u00bfPorqu\u00e9 esta membres\u00eda? Al Inscribirte tendr\u00e1s acceso a m\u00faltiples beneficios pagando mensualmente o contratando tu plan anual con un descuento especial.<\/p>\n\n\n\n<h4>Conoce algunos errores que cometen las ONG.<\/h4>\n\n\n\n<ul><li>No asesorarse correctamente.<\/li><li>No tener una planeaci\u00f3n estrat\u00e9gica.<\/li><li>No tener un equipo capacitado ni definido.<\/li><li>No ser donataria autorizada para acceder a fondos nacionales e internacionales.<\/li><li>No tener presencia en internet y\/o redes sociales.<\/li><li>No tener un proyecto estructurado.<\/li><\/ul>\n\n\n\n<h4>\u00bfQu\u00e9 cursos incluye mi membres\u00eda digital?<\/h4>\n\n\n\n<ul><li>Iniciaci\u00f3n a las Ac \u0301s<\/li><li>Patrimonio y Financiamiento a las AC \u0301s<\/li><li>Una mirada a las Donatarias Autorizadas<\/li><li>Miscel\u00e1neas de las Donatarias Autorizadas<\/li><li>La contabilidad en las AC \u0301s<\/li><li>Contabilidad y registro de operaciones en las Ac \u0301s<\/li><li>Las finanzas y las Ac \u0301s<\/li><li>Reglas b\u00e1sicas contables de las Ac \u0301s<\/li><li>El papel del voluntariado en las Ac \u0301s<\/li><li>Crecimiento personal del voluntariado en las Acs<\/li><li>El voluntariado institucional<\/li><li>Im\u00e1gen corporativa de una AC \u0301s<\/li><li>Contabilidad para no contadores 1<\/li><li>Contabilidad para no contadores 2<\/li><li>La procuraci\u00f3n de fondos en las Ac \u0301s<\/li><li>Las donaciones y las OSC \u0301s<\/li><li>Consejos para recaudar fondos y\/o recibir donaciones<\/li><li>Los proyectos sociales<\/li><li>El crowdfunding y las OSC \u0301s<\/li><li>Las convocatorias y los financiamientos<\/li><li>Las convocatorias y los donativos<\/li><li>Los fondos y las empresas<\/li><li>Planes de negocios para asociaciones<\/li><li>Manejo de equipos en organizaciones<\/li><li>La identidad institucional<\/li><li>Los diagn\u00f3sticos situacionales<\/li><li>El caso institucional<\/li><li>Metodolog\u00eda del marco l\u00f3gico<\/li><li>El plan de comunicaci\u00f3n institucional<\/li><li>Los manuales de operaci\u00f3n<\/li><li>Dossier de Procuraci\u00f3n<\/li><li>Bases de la procuraci\u00f3n de fondos<\/li><\/ul>\n\n\n\n<h4>Relaciones p\u00fablicas y&#8230; <\/h4>\n\n\n\n<ul><li>Marketing social<\/li><li>OSC digital<\/li><li>P\u00e1gina web<\/li><li>Manejo de donativos en especie<\/li><li>Manejo de donativos en efectivo<\/li><li>Plan Financiero de tu ONG<\/li><li>Manejo de equipos en organizaciones<\/li><li>Tienda Online<\/li><li>Fidelizaci\u00f3n de Socios y Donantes<\/li><li>Consejos para Procurar en Navidad<\/li><li>Storytelling y comunicaci\u00f3n para ONG<\/li><li>Google Ad Grants: Publicidad en Google para ONG<\/li><li>Email Marketing<\/li><li>LinkedIn para organizaciones<\/li><li>Curso de YouTube para organizaciones sociales<\/li><\/ul>\n\n\n\n<h4>Donantes y recursos propios.<\/h4>\n\n\n\n<ul><li>C\u00f3mo obtener datos para la Base de Datos de tu ONG<\/li><li>Organiza tu Departamento de Comunicaci\u00f3n en tu ONG<\/li><li>Oratoria y Comunicaci\u00f3n<\/li><li>Activismo Social para Actores Sociales<\/li><li>Modelos de Negocio para ONG&#8217;s<\/li><li>Plan de Negocios para ONG&#8217;s<\/li><li>Plan Financiero para ONG&#8217;s<\/li><li>Transformaci\u00f3n digital para ONG&#8217;s<\/li><li>Voluntariado, Pr\u00e1ct. Profesionales y Servicio Social<\/li><li>Caso de p\u00e9rdida de Donataria y como Evitarlos<\/li><li>Otras figuras para empredimientos sociales<\/li><li>Alianzas con empresas: Beneficios sociales y fiscales<\/li><li>Herencias y Donaciones en ONG&#8217;s<\/li><li>Relaci\u00f3n con entidades y gobiernos extranjeros<\/li><li>Programas y Software Gratuito para ONG&#8217;s<\/li><li>Casos de ONG&#8217;s reales de \u00c9xito en M\u00e9xico y Latino\u00e1merica<\/li><\/ul>\n\n\n\n<p>No esperes m\u00e1s y forma parte de la red de organizaciones civiles m\u00e1s grande M\u00e9xico y Latinoam\u00e9rica, contacta un asesor y con gusto atenderemos todas tus dudas.<\/p>\n","protected":false},"excerpt":{"rendered":"<p>Te presentamos un paquete completo de opciones que permiten capacitarte para poder elaborar proyectos y programas sociales, contabilidad b\u00e1sica para A.C, cumplimiento de obligaciones en el procedimiento para la certificaci\u00f3n como donataria, asesor\u00eda en marketing social, planes de negocio y como procurar fondos y financiamientos nacionales e internacionales en la ejecuci\u00f3n de proyectos de forma [&hellip;]<\/p>\n","protected":false},"author":1,"featured_media":84,"parent":57,"menu_order":0,"comment_status":"closed","ping_status":"closed","template":"","meta":[],"_links":{"self":[{"href":"https:\/\/blog.cecani.org\/index.php\/wp-json\/wp\/v2\/pages\/83"}],"collection":[{"href":"https:\/\/blog.cecani.org\/index.php\/wp-json\/wp\/v2\/pages"}],"about":[{"href":"https:\/\/blog.cecani.org\/index.php\/wp-json\/wp\/v2\/types\/page"}],"author":[{"embeddable":true,"href":"https:\/\/blog.cecani.org\/index.php\/wp-json\/wp\/v2\/users\/1"}],"replies":[{"embeddable":true,"href":"https:\/\/blog.cecani.org\/index.php\/wp-json\/wp\/v2\/comments?post=83"}],"version-history":[{"count":3,"href":"https:\/\/blog.cecani.org\/index.php\/wp-json\/wp\/v2\/pages\/83\/revisions"}],"predecessor-version":[{"id":88,"href":"https:\/\/blog.cecani.org\/index.php\/wp-json\/wp\/v2\/pages\/83\/revisions\/88"}],"up":[{"embeddable":true,"href":"https:\/\/blog.cecani.org\/index.php\/wp-json\/wp\/v2\/pages\/57"}],"wp:featuredmedia":[{"embeddable":true,"href":"https:\/\/blog.cecani.org\/index.php\/wp-json\/wp\/v2\/media\/84"}],"wp:attachment":[{"href":"https:\/\/blog.cecani.org\/index.php\/wp-json\/wp\/v2\/media?parent=83"}],"curies":[{"name":"wp","href":"https:\/\/api.w.org\/{rel}","templated":true}]}}